{"id":1480,"date":"2020-05-06T10:00:18","date_gmt":"2020-05-06T08:00:18","guid":{"rendered":"https:\/\/se.cam4.com\/blog\/?page_id=1480"},"modified":"2020-05-06T10:02:30","modified_gmt":"2020-05-06T08:02:30","slug":"cam4s-svar-pa-pastaenden-om-sakerhetsovertradelser","status":"publish","type":"page","link":"https:\/\/se.cam4.com\/blog\/cam4s-svar-pa-pastaenden-om-sakerhetsovertradelser\/","title":{"rendered":"CAM4s svar p\u00e5 p\u00e5st\u00e5enden om s\u00e4kerhets\u00f6vertr\u00e4delser"},"content":{"rendered":"\n<p>5 Maj 2020<br>Kontaktperson f\u00f6r media: Shannon McDermott,\u00a0Communications Manager<\/p>\n\n\n\n<p>Ig\u00e5r (m\u00e5ndag 4 maj) publicerades flera artiklar av olika medier som rapporterade om ett betydande s\u00e4kerhetsbrott g\u00e4llande CAM4s plattform. CAM4 uppm\u00e4rksammades ursprungligen detta brott av SafetyDetectives.com, en online-community av s\u00e4kerhetsexperter som bloggar om antivirusprogram och aktuella h\u00e4ndelser i datas\u00e4kerhetsv\u00e4rlden.<\/p>\n\n\n\n<p>Utvecklare och s\u00e4kerhetsspecialister distribuerades omedelbart f\u00f6r vidare utredning och teamet drog utan tvekan slutsatsen att absolut ingen personlig identifierbar information, inklusive namn, adresser, e-postmeddelanden, IP-adresser eller ekonomiska data, var felaktigt \u00e5tkomlig av n\u00e5gon utanf\u00f6r SafetyDetectives-f\u00f6retaget och CAM4s egna utredare.<\/p>\n\n\n\n<p>Som svar p\u00e5 de mycket stora siffrorna som rapporterats i media \u00e4r det viktigt att notera att de exakta siffrorna \u00e4r mycket l\u00e4gre. Vid en omedelbar granskning av vad som verkligen tycktes vara en f\u00f6rlust av vissa data, fastst\u00e4llde CAM4s s\u00e4kerhetsteam att personuppgifter som tillh\u00f6r 93 personer var \u00e5tkomliga av SafetyDetectives. CAM4 har meddelat alla anv\u00e4ndare som var aktiva under de 30 dagarna av loggen f\u00f6r denna h\u00e4ndelse och stegen vi har vidtagit f\u00f6r att s\u00e4kra deras konton.<\/p>\n\n\n\n<p>Kort sagt, det fanns ingen skadlig s\u00e4kerhets\u00f6vertr\u00e4delse som resulterade i f\u00f6rlust av personuppgifter fr\u00e5n n\u00e5gon av CAM4s servrar \u00f6ver hela v\u00e4rlden. Den interna utredningen drog slutsatsen att inga andra anslutningar till CAM4-servrar gjordes efter ett brandv\u00e4ggsfel som gjorde det m\u00f6jligt f\u00f6r SafetyDetectives att komma \u00e5t webbplatsen.<\/p>\n\n\n\n<p>CAM4 tar datas\u00e4kerhet, v\u00e5ra Broadcasters och v\u00e5ra tittares s\u00e4kerhet p\u00e5 stort allvar och har ett team av handplockade proffs som \u00f6vervakar webbplatsens integritet varje vaken sekund. CAM4 kommer att forts\u00e4tta att vara flitig med uppf\u00f6ljningen och tar g\u00e4rna fr\u00e5gor f\u00f6r att lindra eventuell oro fr\u00e5n allm\u00e4nheten och CAM4s community.<\/p>\n\n\n\n<p>CAM4 grundades 2007 och \u00e4r en prisbel\u00f6nt livestreamplattform med en m\u00e5ngfaldig lista \u00f6ver Broadcasters fr\u00e5n hela v\u00e4rlden.<br><\/p>\n","protected":false},"excerpt":{"rendered":"<p>5 Maj 2020Kontaktperson f\u00f6r media: Shannon McDermott,\u00a0Communications Manager Ig\u00e5r (m\u00e5ndag 4 maj) publicerades flera artiklar av olika medier som rapporterade om ett betydande s\u00e4kerhetsbrott g\u00e4llande CAM4s plattform. CAM4 uppm\u00e4rksammades ursprungligen detta brott av SafetyDetectives.com, en online-community av s\u00e4kerhetsexperter som bloggar om antivirusprogram och aktuella h\u00e4ndelser i datas\u00e4kerhetsv\u00e4rlden. Utvecklare och s\u00e4kerhetsspecialister distribuerades omedelbart f\u00f6r vidare utredning [&hellip;]<\/p>\n","protected":false},"author":2,"featured_media":0,"parent":0,"menu_order":0,"comment_status":"closed","ping_status":"closed","template":"","meta":{"footnotes":""},"class_list":["post-1480","page","type-page","status-publish","hentry","post-wrapper","thrv_wrapper"],"yoast_head":"<!-- This site is optimized with the Yoast SEO plugin v24.0 - https:\/\/yoast.com\/wordpress\/plugins\/seo\/ -->\n<title>CAM4s svar p\u00e5 p\u00e5st\u00e5enden om s\u00e4kerhets\u00f6vertr\u00e4delser - CAM4 Sweden Blogg<\/title>\n<meta name=\"robots\" content=\"index, follow, max-snippet:-1, max-image-preview:large, max-video-preview:-1\" \/>\n<link rel=\"canonical\" href=\"https:\/\/se.cam4.com\/blog\/cam4s-svar-pa-pastaenden-om-sakerhetsovertradelser\/\" \/>\n<meta property=\"og:locale\" content=\"en_US\" \/>\n<meta property=\"og:type\" content=\"article\" \/>\n<meta property=\"og:title\" content=\"CAM4s svar p\u00e5 p\u00e5st\u00e5enden om s\u00e4kerhets\u00f6vertr\u00e4delser - CAM4 Sweden Blogg\" \/>\n<meta property=\"og:description\" content=\"5 Maj 2020Kontaktperson f\u00f6r media: Shannon McDermott,\u00a0Communications Manager Ig\u00e5r (m\u00e5ndag 4 maj) publicerades flera artiklar av olika medier som rapporterade om ett betydande s\u00e4kerhetsbrott g\u00e4llande CAM4s plattform. CAM4 uppm\u00e4rksammades ursprungligen detta brott av SafetyDetectives.com, en online-community av s\u00e4kerhetsexperter som bloggar om antivirusprogram och aktuella h\u00e4ndelser i datas\u00e4kerhetsv\u00e4rlden. Utvecklare och s\u00e4kerhetsspecialister distribuerades omedelbart f\u00f6r vidare utredning [&hellip;]\" \/>\n<meta property=\"og:url\" content=\"https:\/\/se.cam4.com\/blog\/cam4s-svar-pa-pastaenden-om-sakerhetsovertradelser\/\" \/>\n<meta property=\"og:site_name\" content=\"CAM4 Sweden Blogg\" \/>\n<meta property=\"article:modified_time\" content=\"2020-05-06T08:02:30+00:00\" \/>\n<meta name=\"twitter:card\" content=\"summary_large_image\" \/>\n<meta name=\"twitter:label1\" content=\"Est. reading time\" \/>\n\t<meta name=\"twitter:data1\" content=\"2 minutes\" \/>\n<script type=\"application\/ld+json\" class=\"yoast-schema-graph\">{\"@context\":\"https:\/\/schema.org\",\"@graph\":[{\"@type\":\"WebPage\",\"@id\":\"https:\/\/se.cam4.com\/blog\/cam4s-svar-pa-pastaenden-om-sakerhetsovertradelser\/\",\"url\":\"https:\/\/se.cam4.com\/blog\/cam4s-svar-pa-pastaenden-om-sakerhetsovertradelser\/\",\"name\":\"CAM4s svar p\u00e5 p\u00e5st\u00e5enden om s\u00e4kerhets\u00f6vertr\u00e4delser - CAM4 Sweden Blogg\",\"isPartOf\":{\"@id\":\"https:\/\/se.cam4.com\/blog\/#website\"},\"datePublished\":\"2020-05-06T08:00:18+00:00\",\"dateModified\":\"2020-05-06T08:02:30+00:00\",\"breadcrumb\":{\"@id\":\"https:\/\/se.cam4.com\/blog\/cam4s-svar-pa-pastaenden-om-sakerhetsovertradelser\/#breadcrumb\"},\"inLanguage\":\"en-US\",\"potentialAction\":[{\"@type\":\"ReadAction\",\"target\":[\"https:\/\/se.cam4.com\/blog\/cam4s-svar-pa-pastaenden-om-sakerhetsovertradelser\/\"]}]},{\"@type\":\"BreadcrumbList\",\"@id\":\"https:\/\/se.cam4.com\/blog\/cam4s-svar-pa-pastaenden-om-sakerhetsovertradelser\/#breadcrumb\",\"itemListElement\":[{\"@type\":\"ListItem\",\"position\":1,\"name\":\"Home\",\"item\":\"https:\/\/se.cam4.com\/blog\/\"},{\"@type\":\"ListItem\",\"position\":2,\"name\":\"CAM4s svar p\u00e5 p\u00e5st\u00e5enden om s\u00e4kerhets\u00f6vertr\u00e4delser\"}]},{\"@type\":\"WebSite\",\"@id\":\"https:\/\/se.cam4.com\/blog\/#website\",\"url\":\"https:\/\/se.cam4.com\/blog\/\",\"name\":\"CAM4 Sweden Blogg\",\"description\":\"CAM4 Sweden\",\"potentialAction\":[{\"@type\":\"SearchAction\",\"target\":{\"@type\":\"EntryPoint\",\"urlTemplate\":\"https:\/\/se.cam4.com\/blog\/?s={search_term_string}\"},\"query-input\":{\"@type\":\"PropertyValueSpecification\",\"valueRequired\":true,\"valueName\":\"search_term_string\"}}],\"inLanguage\":\"en-US\"}]}<\/script>\n<!-- \/ Yoast SEO plugin. -->","yoast_head_json":{"title":"CAM4s svar p\u00e5 p\u00e5st\u00e5enden om s\u00e4kerhets\u00f6vertr\u00e4delser - CAM4 Sweden Blogg","robots":{"index":"index","follow":"follow","max-snippet":"max-snippet:-1","max-image-preview":"max-image-preview:large","max-video-preview":"max-video-preview:-1"},"canonical":"https:\/\/se.cam4.com\/blog\/cam4s-svar-pa-pastaenden-om-sakerhetsovertradelser\/","og_locale":"en_US","og_type":"article","og_title":"CAM4s svar p\u00e5 p\u00e5st\u00e5enden om s\u00e4kerhets\u00f6vertr\u00e4delser - CAM4 Sweden Blogg","og_description":"5 Maj 2020Kontaktperson f\u00f6r media: Shannon McDermott,\u00a0Communications Manager Ig\u00e5r (m\u00e5ndag 4 maj) publicerades flera artiklar av olika medier som rapporterade om ett betydande s\u00e4kerhetsbrott g\u00e4llande CAM4s plattform. CAM4 uppm\u00e4rksammades ursprungligen detta brott av SafetyDetectives.com, en online-community av s\u00e4kerhetsexperter som bloggar om antivirusprogram och aktuella h\u00e4ndelser i datas\u00e4kerhetsv\u00e4rlden. Utvecklare och s\u00e4kerhetsspecialister distribuerades omedelbart f\u00f6r vidare utredning [&hellip;]","og_url":"https:\/\/se.cam4.com\/blog\/cam4s-svar-pa-pastaenden-om-sakerhetsovertradelser\/","og_site_name":"CAM4 Sweden Blogg","article_modified_time":"2020-05-06T08:02:30+00:00","twitter_card":"summary_large_image","twitter_misc":{"Est. reading time":"2 minutes"},"schema":{"@context":"https:\/\/schema.org","@graph":[{"@type":"WebPage","@id":"https:\/\/se.cam4.com\/blog\/cam4s-svar-pa-pastaenden-om-sakerhetsovertradelser\/","url":"https:\/\/se.cam4.com\/blog\/cam4s-svar-pa-pastaenden-om-sakerhetsovertradelser\/","name":"CAM4s svar p\u00e5 p\u00e5st\u00e5enden om s\u00e4kerhets\u00f6vertr\u00e4delser - CAM4 Sweden Blogg","isPartOf":{"@id":"https:\/\/se.cam4.com\/blog\/#website"},"datePublished":"2020-05-06T08:00:18+00:00","dateModified":"2020-05-06T08:02:30+00:00","breadcrumb":{"@id":"https:\/\/se.cam4.com\/blog\/cam4s-svar-pa-pastaenden-om-sakerhetsovertradelser\/#breadcrumb"},"inLanguage":"en-US","potentialAction":[{"@type":"ReadAction","target":["https:\/\/se.cam4.com\/blog\/cam4s-svar-pa-pastaenden-om-sakerhetsovertradelser\/"]}]},{"@type":"BreadcrumbList","@id":"https:\/\/se.cam4.com\/blog\/cam4s-svar-pa-pastaenden-om-sakerhetsovertradelser\/#breadcrumb","itemListElement":[{"@type":"ListItem","position":1,"name":"Home","item":"https:\/\/se.cam4.com\/blog\/"},{"@type":"ListItem","position":2,"name":"CAM4s svar p\u00e5 p\u00e5st\u00e5enden om s\u00e4kerhets\u00f6vertr\u00e4delser"}]},{"@type":"WebSite","@id":"https:\/\/se.cam4.com\/blog\/#website","url":"https:\/\/se.cam4.com\/blog\/","name":"CAM4 Sweden Blogg","description":"CAM4 Sweden","potentialAction":[{"@type":"SearchAction","target":{"@type":"EntryPoint","urlTemplate":"https:\/\/se.cam4.com\/blog\/?s={search_term_string}"},"query-input":{"@type":"PropertyValueSpecification","valueRequired":true,"valueName":"search_term_string"}}],"inLanguage":"en-US"}]}},"_links":{"self":[{"href":"https:\/\/se.cam4.com\/blog\/wp-json\/wp\/v2\/pages\/1480","targetHints":{"allow":["GET"]}}],"collection":[{"href":"https:\/\/se.cam4.com\/blog\/wp-json\/wp\/v2\/pages"}],"about":[{"href":"https:\/\/se.cam4.com\/blog\/wp-json\/wp\/v2\/types\/page"}],"author":[{"embeddable":true,"href":"https:\/\/se.cam4.com\/blog\/wp-json\/wp\/v2\/users\/2"}],"replies":[{"embeddable":true,"href":"https:\/\/se.cam4.com\/blog\/wp-json\/wp\/v2\/comments?post=1480"}],"version-history":[{"count":0,"href":"https:\/\/se.cam4.com\/blog\/wp-json\/wp\/v2\/pages\/1480\/revisions"}],"wp:attachment":[{"href":"https:\/\/se.cam4.com\/blog\/wp-json\/wp\/v2\/media?parent=1480"}],"curies":[{"name":"wp","href":"https:\/\/api.w.org\/{rel}","templated":true}]}}